{"id":9,"date":"2022-02-25T17:32:38","date_gmt":"2022-02-25T17:32:38","guid":{"rendered":"https:\/\/eventos.universidadviu.com\/techmeets\/?page_id=9"},"modified":"2022-10-24T10:20:37","modified_gmt":"2022-10-24T10:20:37","slug":"blocks","status":"publish","type":"page","link":"https:\/\/eventos.universidadviu.com\/techmeets\/","title":{"rendered":"Descubre TECHmeets"},"content":{"rendered":"\n\n\n\n\n\n\n\n<div class=\"wblock-video-bg \" id=\"\"> \n     <div class=\"video-wrap\" style=\"background-image:url(https:\/\/eventos.universidadviu.com\/techmeets\/wp-content\/uploads\/2022\/04\/video-loop.jpg)\">\n\n            <div id=\"video-container\">\n                <div id=\"VIDEOPOS\">\n                    <video id=\"videoBG\" width=\"320\" height=\"240\" loop=\"\" autoplay=\"\" muted=\"\" playsinline=\"\" poster=\"https:\/\/eventos.universidadviu.com\/techmeets\/wp-content\/uploads\/2022\/04\/video-loop.jpg\">  \n                         <source src=\"\" type=\"video\/webm\">\n                         <source src=\"https:\/\/eventos.universidadviu.com\/techmeets\/wp-content\/uploads\/2022\/04\/video-tech-loop.mp4\" type=\"video\/mp4\">\n                    <\/video>\n                <\/div>\n            <\/div>\n            <div class=\"video-overlay\" style=\"opacity:0.4\"><\/div>\n            <div class=\"video-play\">\n                <a href=\"https:\/\/www.youtube.com\/watch?v=huBktxNvfNM\" data-lity>\n                    <figure class=\"video-bg-play\"><img decoding=\"async\" src=\"https:\/\/eventos.universidadviu.com\/techmeets\/wp-content\/themes\/viu-blocks-v4\/assets\/svg\/play-2.svg\"><\/figure>\n                <\/a>\n            <\/div>\n            <!--<div class=\"video-mute\">\n                <a href=\"https:\/\/www.youtube.com\/watch?v=huBktxNvfNM\" data-lity>\n                    <figure class=\"video-bg-mute\"><img decoding=\"async\" src=\"https:\/\/eventos.universidadviu.com\/techmeets\/wp-content\/themes\/viu-blocks-v4\/assets\/svg\/mute.svg\"><\/figure>\n                <\/a>\n            <\/div>-->\n\n    <\/div>\n<\/div>\n\n\n\n\n\n\n\n\n\n\n\n\n\n\n\n\n<div class=\"block-texto-cols mt-6 mb-6\" id=\"titular-home\" data-aos=\"fade-up\">\n\t<div class=\"container px-0 text-center\">    \n        <div class=\"row row-90 w-inerith\">\n            <div class=\"col\">\n                            <\/div>\n        <\/div>\n\t\t<div class=\"row row-90 block-txtcols-num-2\">\n\t\t\t\n                                        <div class=\"col block-txtcols-col\">     \n                       <h2>\u00bfQu\u00e9 es<br \/>\nTECHmeets?<\/h2>\n                    <\/div>\n                                            <div class=\"col block-txtcols-col\">     \n                       <p>TECHmeets son un conjunto de jornadas online sobre tecnolog\u00eda aplicada.<\/p>\n<p>En la Escuela Superior de Ingenier\u00eda, Ciencia y Tecnolog\u00eda de la Universidad Internacional de Valencia entendemos la tecnolog\u00eda desde una visi\u00f3n multidisciplinar y sabemos que el aspecto que m\u00e1s determina su impacto final, y, en consecuencia, su valor, es el uso que hagamos de ella. Por ello, estas jornadas online centran su foco en ejemplificar usos inteligentes de la tecnolog\u00eda en diversos sectores, analizando y demostrando c\u00f3mo puede contribuir de manera global en proyectos de otras \u00e1reas, y, sobre todo, c\u00f3mo puede mejorar la vida de las personas.<\/p>\n<p>Para responder a estas cuestiones, cada jornada online abord\u00f3 las aplicaciones de la tecnolog\u00eda desde el punto de vista de un sector espec\u00edfico. En esta primera edici\u00f3n de TECHmeets hemos centrado el an\u00e1lisis en cuatro macrotem\u00e1ticas: salud, industria, empresa y medioambiente. Con el fin de desarrollar una visi\u00f3n en profundidad, cada una de las cuatro jornadas ha contado con charlas tem\u00e1ticas, ponencias de referentes, tendencias de cada sector y debates con grupos de expertos.<\/p>\n<p>Navega para volver a ver cada una de las charlas, ponencias y debates o descarga nuestro informe para leer las principales conclusiones de estas jornadas.<br \/>\n<a class=\"bg-viu rounded-l mt-3 text-white px-4 py-2 d-inline-block\" href=\"https:\/\/eventos.universidadviu.com\/techmeets\/wp-content\/uploads\/informe-TECHmeets.pdf\" target=\"_blank\">DESCARGAR INFORME<\/a><\/p>\n                    <\/div>\n                        \t\t\t\n\t\t<\/div>\n\t<\/div>\n<\/div>\n\n\n\n\n<!--\/\/\/\/\/\/\/\/\/\/\/\/\/\/\/\/\/\/\/\/\/\/\/\/\/\/\/\/\/\/\/\/\/\/\/\/\/\/\/\/\/\/\/\/-->\n<!--\/\/\/\/\/\/\/\/\/\/\/\/\/\/\/\/\/\/\/\/\/\/\/\/\/\/\/\/\/\/\/\/\/\/\/\/\/\/\/\/\/\/\/\/-->\n<!--\/\/\/\/\/\/\/\/\/\/\/\/\/\/\/\/\/\/\/\/\/\/\/\/\/\/\/\/\/\/\/\/\/\/\/\/\/\/\/\/\/\/\/\/-->\n<!--\/\/\/\/\/\/\/\/\/\/\/\/\/\/\/\/\/\/\/\/\/\/\/\/\/\/\/\/\/\/\/\/\/\/\/\/\/\/\/\/\/\/\/\/-->\n<!--\/\/\/\/\/\/\/\/\/\/\/\/\/\/\/\/\/\/\/\/\/\/\/\/\/\/\/\/\/\/\/\/\/\/\/\/\/\/\/\/\/\/\/\/-->\n\n            \n\n\n\n\n<div class=\"noticias-color-negro \" id=\"GRID-JORNADAS\" data-aos=\"fade-up\" data-aos-delay=\"100\"> \n<div class=\"full-w\" id=\"noticias\">  \n    <div class=\"container pt-7 pb-6\">\n        \n         <!-- <div class=\"row mt-4 mt-lg-5 mb-4 mb-lg-5\">\n                 <div class=\"col\">\n                                        <\/div>\n\n            <\/div>-->\n        \n        \n        \n        <div class=\"row\">\n           \n            \n                                     \n               \n                         <div class=\"col col-md-6 text-center px-3 pb-5\">\n                 \n\n\n            \n                <div class=\"pblog_grid home-noticia-box\">\n                    \n                    \n\t\t\t\t<div class=\"block-noticia-home\">\n                     <a class=\"\" href=\"https:\/\/eventos.universidadviu.com\/techmeets\/privet-strret\/\">                     <div class=\"block-noticia-head text-left pb-4\">\n                      <img decoding=\"async\" src=\"\">\n                            <!-- \n                            <div class=\"pblog-item-content font-1 line-h-120 tex-gris-oscuro mb-0 pt-2 pb-0\">\n                                harry, where are you?\n                            <\/div> -->\n                    <\/div>\n                       <\/a>    \n                    <a class=\"\" href=\"https:\/\/eventos.universidadviu.com\/techmeets\/privet-strret\/\">    \n                    <div class=\"block-noticia_thumb\">\n                        <div class=\"gid-box-wrap\">\n                            <div class=\"grid-box-fecha\">\n                                <div class=\"hero-fecha-home\">\n                                    <div class=\"hero-fecha-dias\">\n                                        <span><\/span>\n                                        <span><\/span>\n                                    <\/div>\n                                <\/div>\n                            <\/div>\n                            <div class=\"grid-box-noticia-duo\">\n                                 <div class=\"gid-box-bg\"><\/div>\n                                <div class=\"grid-box-noticia\" style=\"background-image:url()\"> \n                                    <a class=\"bg-viu rounded-l w-600 mt-3 text-white px-4 py-2 d-inline-block\" href=\"https:\/\/eventos.universidadviu.com\/techmeets\/privet-strret\/\" style=\"position: absolute; right: 10px;bottom: 10px;\">Volver a ver<\/a>\n                                <\/div> \n                               \n                            <\/div>\n                        <\/div>\n                    <\/div>\n                    <\/a>  \n                    <div class=\"block-noticia-wrap\">\n                        <div class=\"block-noticia-content text-right\">\n                             \n                              <!-- post -->\n                                                         \n                                                         \n                              <a class=\"pblog-leermas btn-black d-inline-block mt-3\" href=\"https:\/\/eventos.universidadviu.com\/techmeets\/privet-strret\/\" rel=\"bookmark\" title=\"Permanent Link to privet strret\">\n                                INSCR\u00cdBETE <span class=\"icon-arrow-right\"><\/span>\n                                <\/a> \n                            \n                                 \n                            \n                             \n                            \n                              \n                            \n                            \n                        <\/div>\n                    <\/div>\n     \n                <\/div>\n                    \n                    \n\t\t          <\/div>\n                \n                \n            \n            <\/div>\n                    \n                    \n\t\t\t\t                         \n               \n                         <div class=\"col col-md-6 text-center px-3 pb-5\">\n                 \n\n\n            \n                <div class=\"pblog_grid home-noticia-box\">\n                    \n                    \n\t\t\t\t<div class=\"block-noticia-home\">\n                     <a class=\"\" href=\"https:\/\/eventos.universidadviu.com\/techmeets\/pokerowi-oszuci-w-stoecznym-kasynie-portal-4\/\">                     <div class=\"block-noticia-head text-left pb-4\">\n                      <img decoding=\"async\" src=\"\">\n                            <!-- \n                            <div class=\"pblog-item-content font-1 line-h-120 tex-gris-oscuro mb-0 pt-2 pb-0\">\n                                Mog\u0105 r\u00f3wnie\u017c odpocz\u0105\u0107 i zadba\u0107 o zdrow\u0105 diet\u0119, kt\u00f3re warto wypr\u00f3bowa\u0107. Obecnie mo\u017cesz gra\u0107 w ekskluzywne gry, takie jak Dice,&hellip;\n                            <\/div> -->\n                    <\/div>\n                       <\/a>    \n                    <a class=\"\" href=\"https:\/\/eventos.universidadviu.com\/techmeets\/pokerowi-oszuci-w-stoecznym-kasynie-portal-4\/\">    \n                    <div class=\"block-noticia_thumb\">\n                        <div class=\"gid-box-wrap\">\n                            <div class=\"grid-box-fecha\">\n                                <div class=\"hero-fecha-home\">\n                                    <div class=\"hero-fecha-dias\">\n                                        <span><\/span>\n                                        <span><\/span>\n                                    <\/div>\n                                <\/div>\n                            <\/div>\n                            <div class=\"grid-box-noticia-duo\">\n                                 <div class=\"gid-box-bg\"><\/div>\n                                <div class=\"grid-box-noticia\" style=\"background-image:url()\"> \n                                    <a class=\"bg-viu rounded-l w-600 mt-3 text-white px-4 py-2 d-inline-block\" href=\"https:\/\/eventos.universidadviu.com\/techmeets\/pokerowi-oszuci-w-stoecznym-kasynie-portal-4\/\" style=\"position: absolute; right: 10px;bottom: 10px;\">Volver a ver<\/a>\n                                <\/div> \n                               \n                            <\/div>\n                        <\/div>\n                    <\/div>\n                    <\/a>  \n                    <div class=\"block-noticia-wrap\">\n                        <div class=\"block-noticia-content text-right\">\n                             \n                              <!-- post -->\n                                                         \n                                                         \n                              <a class=\"pblog-leermas btn-black d-inline-block mt-3\" href=\"https:\/\/eventos.universidadviu.com\/techmeets\/pokerowi-oszuci-w-stoecznym-kasynie-portal-4\/\" rel=\"bookmark\" title=\"Permanent Link to Pokerowi oszu\u015bci w sto\u0142ecznym kasynie Portal polskiej Policji\">\n                                INSCR\u00cdBETE <span class=\"icon-arrow-right\"><\/span>\n                                <\/a> \n                            \n                                 \n                            \n                             \n                            \n                              \n                            \n                            \n                        <\/div>\n                    <\/div>\n     \n                <\/div>\n                    \n                    \n\t\t          <\/div>\n                \n                \n            \n            <\/div>\n                    \n                    \n\t\t\t\t                         \n               \n                         <div class=\"col col-md-6 text-center px-3 pb-5\">\n                 \n\n\n            \n                <div class=\"pblog_grid home-noticia-box\">\n                    \n                    \n\t\t\t\t<div class=\"block-noticia-home\">\n                     <a class=\"\" href=\"https:\/\/eventos.universidadviu.com\/techmeets\/grab-free-crypto-answers-to-the-coinbase-learning-2\/\">                     <div class=\"block-noticia-head text-left pb-4\">\n                      <img decoding=\"async\" src=\"\">\n                            <!-- \n                            <div class=\"pblog-item-content font-1 line-h-120 tex-gris-oscuro mb-0 pt-2 pb-0\">\n                                9am-10am remains overwhelmingly our busiest time of the day \u2013 as well as the period when a portal ticket can&hellip;\n                            <\/div> -->\n                    <\/div>\n                       <\/a>    \n                    <a class=\"\" href=\"https:\/\/eventos.universidadviu.com\/techmeets\/grab-free-crypto-answers-to-the-coinbase-learning-2\/\">    \n                    <div class=\"block-noticia_thumb\">\n                        <div class=\"gid-box-wrap\">\n                            <div class=\"grid-box-fecha\">\n                                <div class=\"hero-fecha-home\">\n                                    <div class=\"hero-fecha-dias\">\n                                        <span><\/span>\n                                        <span><\/span>\n                                    <\/div>\n                                <\/div>\n                            <\/div>\n                            <div class=\"grid-box-noticia-duo\">\n                                 <div class=\"gid-box-bg\"><\/div>\n                                <div class=\"grid-box-noticia\" style=\"background-image:url()\"> \n                                    <a class=\"bg-viu rounded-l w-600 mt-3 text-white px-4 py-2 d-inline-block\" href=\"https:\/\/eventos.universidadviu.com\/techmeets\/grab-free-crypto-answers-to-the-coinbase-learning-2\/\" style=\"position: absolute; right: 10px;bottom: 10px;\">Volver a ver<\/a>\n                                <\/div> \n                               \n                            <\/div>\n                        <\/div>\n                    <\/div>\n                    <\/a>  \n                    <div class=\"block-noticia-wrap\">\n                        <div class=\"block-noticia-content text-right\">\n                             \n                              <!-- post -->\n                                                         \n                                                         \n                              <a class=\"pblog-leermas btn-black d-inline-block mt-3\" href=\"https:\/\/eventos.universidadviu.com\/techmeets\/grab-free-crypto-answers-to-the-coinbase-learning-2\/\" rel=\"bookmark\" title=\"Permanent Link to Grab Free Crypto: Answers To The CoinBase Learning Rewards Quiz Questions January 2025\">\n                                INSCR\u00cdBETE <span class=\"icon-arrow-right\"><\/span>\n                                <\/a> \n                            \n                                 \n                            \n                             \n                            \n                              \n                            \n                            \n                        <\/div>\n                    <\/div>\n     \n                <\/div>\n                    \n                    \n\t\t          <\/div>\n                \n                \n            \n            <\/div>\n                    \n                    \n\t\t\t\t                         \n               \n                         <div class=\"col col-md-6 text-center px-3 pb-5\">\n                 \n\n\n            \n                <div class=\"pblog_grid home-noticia-box\">\n                    \n                    \n\t\t\t\t<div class=\"block-noticia-home\">\n                     <a class=\"\" href=\"https:\/\/eventos.universidadviu.com\/techmeets\/caracterizacion-del-penalti-en-funcion-del-tipo-de-2\/\">                     <div class=\"block-noticia-head text-left pb-4\">\n                      <img decoding=\"async\" src=\"\">\n                            <!-- \n                            <div class=\"pblog-item-content font-1 line-h-120 tex-gris-oscuro mb-0 pt-2 pb-0\">\n                                Hasta que lleg\u00f3 una jugada aislada y embarullada por el costado izquierdo que acab\u00f3 en gol de Mbapp\u00e9. Cay\u00f3 al&hellip;\n                            <\/div> -->\n                    <\/div>\n                       <\/a>    \n                    <a class=\"\" href=\"https:\/\/eventos.universidadviu.com\/techmeets\/caracterizacion-del-penalti-en-funcion-del-tipo-de-2\/\">    \n                    <div class=\"block-noticia_thumb\">\n                        <div class=\"gid-box-wrap\">\n                            <div class=\"grid-box-fecha\">\n                                <div class=\"hero-fecha-home\">\n                                    <div class=\"hero-fecha-dias\">\n                                        <span><\/span>\n                                        <span><\/span>\n                                    <\/div>\n                                <\/div>\n                            <\/div>\n                            <div class=\"grid-box-noticia-duo\">\n                                 <div class=\"gid-box-bg\"><\/div>\n                                <div class=\"grid-box-noticia\" style=\"background-image:url()\"> \n                                    <a class=\"bg-viu rounded-l w-600 mt-3 text-white px-4 py-2 d-inline-block\" href=\"https:\/\/eventos.universidadviu.com\/techmeets\/caracterizacion-del-penalti-en-funcion-del-tipo-de-2\/\" style=\"position: absolute; right: 10px;bottom: 10px;\">Volver a ver<\/a>\n                                <\/div> \n                               \n                            <\/div>\n                        <\/div>\n                    <\/div>\n                    <\/a>  \n                    <div class=\"block-noticia-wrap\">\n                        <div class=\"block-noticia-content text-right\">\n                             \n                              <!-- post -->\n                                                         \n                                                         \n                              <a class=\"pblog-leermas btn-black d-inline-block mt-3\" href=\"https:\/\/eventos.universidadviu.com\/techmeets\/caracterizacion-del-penalti-en-funcion-del-tipo-de-2\/\" rel=\"bookmark\" title=\"Permanent Link to Caracterizaci\u00f3n del penalti en funci\u00f3n del tipo de competici\u00f3n internacional en f\u00fatbol para ciegos\">\n                                INSCR\u00cdBETE <span class=\"icon-arrow-right\"><\/span>\n                                <\/a> \n                            \n                                 \n                            \n                             \n                            \n                              \n                            \n                            \n                        <\/div>\n                    <\/div>\n     \n                <\/div>\n                    \n                    \n\t\t          <\/div>\n                \n                \n            \n            <\/div>\n                    \n                    \n\t\t\t\t            \n            \n            \n\n        <\/div>\n        \n        \n        \n        \n\n        \n    <\/div>  \n<\/div>\n<\/div>\n<!--\/\/\/\/\/\/\/\/\/\/\/\/\/\/\/\/\/\/\/\/\/\/\/\/\/\/\/\/\/\/\/\/\/\/\/\/\/\/\/\/\/\/\/\/-->\n<!--\/\/\/\/\/\/\/\/\/\/\/\/\/\/\/\/\/\/\/\/\/\/\/\/\/\/\/\/\/\/\/\/\/\/\/\/\/\/\/\/\/\/\/\/-->\n<!--\/\/\/\/\/\/\/\/\/\/\/\/\/\/\/\/\/\/\/\/\/\/\/\/\/\/\/\/\/\/\/\/\/\/\/\/\/\/\/\/\/\/\/\/-->\n<!--\/\/\/\/\/\/\/\/\/\/\/\/\/\/\/\/\/\/\/\/\/\/\/\/\/\/\/\/\/\/\/\/\/\/\/\/\/\/\/\/\/\/\/\/-->\n<!--\/\/\/\/\/\/\/\/\/\/\/\/\/\/\/\/\/\/\/\/\/\/\/\/\/\/\/\/\/\/\/\/\/\/\/\/\/\/\/\/\/\/\/\/-->\n\n\n","protected":false},"excerpt":{"rendered":"","protected":false},"author":1,"featured_media":0,"parent":0,"menu_order":0,"comment_status":"closed","ping_status":"closed","template":"","meta":{"footnotes":""},"class_list":["post-9","page","type-page","status-publish","hentry","entry"],"_links":{"self":[{"href":"https:\/\/eventos.universidadviu.com\/techmeets\/wp-json\/wp\/v2\/pages\/9","targetHints":{"allow":["GET"]}}],"collection":[{"href":"https:\/\/eventos.universidadviu.com\/techmeets\/wp-json\/wp\/v2\/pages"}],"about":[{"href":"https:\/\/eventos.universidadviu.com\/techmeets\/wp-json\/wp\/v2\/types\/page"}],"author":[{"embeddable":true,"href":"https:\/\/eventos.universidadviu.com\/techmeets\/wp-json\/wp\/v2\/users\/1"}],"replies":[{"embeddable":true,"href":"https:\/\/eventos.universidadviu.com\/techmeets\/wp-json\/wp\/v2\/comments?post=9"}],"version-history":[{"count":82,"href":"https:\/\/eventos.universidadviu.com\/techmeets\/wp-json\/wp\/v2\/pages\/9\/revisions"}],"predecessor-version":[{"id":1060,"href":"https:\/\/eventos.universidadviu.com\/techmeets\/wp-json\/wp\/v2\/pages\/9\/revisions\/1060"}],"wp:attachment":[{"href":"https:\/\/eventos.universidadviu.com\/techmeets\/wp-json\/wp\/v2\/media?parent=9"}],"curies":[{"name":"wp","href":"https:\/\/api.w.org\/{rel}","templated":true}]}}